{"id":2,"date":"2023-11-08T23:47:30","date_gmt":"2023-11-08T23:47:30","guid":{"rendered":"https:\/\/capital-city-baptist-church.com\/?page_id=2"},"modified":"2024-01-18T19:21:28","modified_gmt":"2024-01-18T19:21:28","slug":"inicio","status":"publish","type":"page","link":"https:\/\/capital-city-baptist-church.com\/?page_id=2","title":{"rendered":"Ministerios"},"content":{"rendered":"\n<p>Capital Ciios a trav\u00e9s del estudio de la Biblia para poder aplicarla en nuestra vida personal, familia, laboral y en cada situaci\u00f3n del d\u00eda a d\u00eda.Nuestra esperanza es que las personas lleguen a conocer al \u00fanico y verdadero Dios y, a su vez, se desarrollen y ayuden a otros a desarrollars como disc\u00edpulos de Cris<\/p>\n\n\n\n<div class=\"wp-block-columns is-layout-flex wp-container-core-columns-is-layout-28f84493 wp-block-columns-is-layout-flex\">\n<div class=\"wp-block-column is-layout-flow wp-block-column-is-layout-flow\">\n<div class=\"wp-block-media-text is-stacked-on-mobile is-vertically-aligned-center\"><figure class=\"wp-block-media-text__media\"><img fetchpriority=\"high\" decoding=\"async\" width=\"600\" height=\"900\" src=\"https:\/\/capital-city-baptist-church.com\/wp-content\/uploads\/2024\/01\/hombres-2.jpg\" alt=\"\" class=\"wp-image-310 size-full\" srcset=\"https:\/\/capital-city-baptist-church.com\/wp-content\/uploads\/2024\/01\/hombres-2.jpg 600w, https:\/\/capital-city-baptist-church.com\/wp-content\/uploads\/2024\/01\/hombres-2-200x300.jpg 200w\" sizes=\"(max-width: 600px) 100vw, 600px\" \/><\/figure><div class=\"wp-block-media-text__content\">\n<p>VARONES <\/p>\n\n\n\n<p>MARTES 8:00 PM ZOOM<\/p>\n<\/div><\/div>\n<\/div>\n\n\n\n<div class=\"wp-block-column is-layout-flow wp-block-column-is-layout-flow\">\n<div class=\"wp-block-media-text is-stacked-on-mobile\"><figure class=\"wp-block-media-text__media\"><img decoding=\"async\" width=\"600\" height=\"900\" src=\"https:\/\/capital-city-baptist-church.com\/wp-content\/uploads\/2024\/01\/mujeres-2.jpg\" alt=\"\" class=\"wp-image-311 size-full\" srcset=\"https:\/\/capital-city-baptist-church.com\/wp-content\/uploads\/2024\/01\/mujeres-2.jpg 600w, https:\/\/capital-city-baptist-church.com\/wp-content\/uploads\/2024\/01\/mujeres-2-200x300.jpg 200w\" sizes=\"(max-width: 600px) 100vw, 600px\" \/><\/figure><div class=\"wp-block-media-text__content\">\n<p>MUJERES <\/p>\n\n\n\n<p>JUEVES 10:00 AM PRESENCIAL<\/p>\n\n\n\n<p>7:00 PM ZOOM<\/p>\n<\/div><\/div>\n<\/div>\n\n\n\n<div class=\"wp-block-column is-layout-flow wp-block-column-is-layout-flow\"><\/div>\n<\/div>\n\n\n\n<div class=\"wp-block-columns is-layout-flex wp-container-core-columns-is-layout-28f84493 wp-block-columns-is-layout-flex\">\n<div class=\"wp-block-column is-layout-flow wp-block-column-is-layout-flow\" style=\"flex-basis:50%\"><\/div>\n<\/div>\n","protected":false},"excerpt":{"rendered":"<p>Capital Ciios a trav\u00e9s del estudio de la Biblia para poder aplicarla en nuestra vida personal, familia, laboral y en cada situaci\u00f3n del d\u00eda a d\u00eda.Nuestra esperanza es [&hellip;]<\/p>\n","protected":false},"author":1,"featured_media":41,"parent":0,"menu_order":0,"comment_status":"closed","ping_status":"closed","template":"","meta":{"ngg_post_thumbnail":0,"footnotes":""},"class_list":["post-2","page","type-page","status-publish","has-post-thumbnail","hentry"],"_links":{"self":[{"href":"https:\/\/capital-city-baptist-church.com\/index.php?rest_route=\/wp\/v2\/pages\/2","targetHints":{"allow":["GET"]}}],"collection":[{"href":"https:\/\/capital-city-baptist-church.com\/index.php?rest_route=\/wp\/v2\/pages"}],"about":[{"href":"https:\/\/capital-city-baptist-church.com\/index.php?rest_route=\/wp\/v2\/types\/page"}],"author":[{"embeddable":true,"href":"https:\/\/capital-city-baptist-church.com\/index.php?rest_route=\/wp\/v2\/users\/1"}],"replies":[{"embeddable":true,"href":"https:\/\/capital-city-baptist-church.com\/index.php?rest_route=%2Fwp%2Fv2%2Fcomments&post=2"}],"version-history":[{"count":18,"href":"https:\/\/capital-city-baptist-church.com\/index.php?rest_route=\/wp\/v2\/pages\/2\/revisions"}],"predecessor-version":[{"id":315,"href":"https:\/\/capital-city-baptist-church.com\/index.php?rest_route=\/wp\/v2\/pages\/2\/revisions\/315"}],"wp:featuredmedia":[{"embeddable":true,"href":"https:\/\/capital-city-baptist-church.com\/index.php?rest_route=\/wp\/v2\/media\/41"}],"wp:attachment":[{"href":"https:\/\/capital-city-baptist-church.com\/index.php?rest_route=%2Fwp%2Fv2%2Fmedia&parent=2"}],"curies":[{"name":"wp","href":"https:\/\/api.w.org\/{rel}","templated":true}]}}